{"id":246,"date":"2025-11-05T19:04:05","date_gmt":"2025-11-05T19:04:05","guid":{"rendered":"https:\/\/demandealisa.com\/?page_id=246"},"modified":"2025-11-05T23:51:43","modified_gmt":"2025-11-05T23:51:43","slug":"conditions-dactivite","status":"publish","type":"page","link":"https:\/\/demandealisa.com\/?page_id=246","title":{"rendered":"Conditions d&rsquo;activit\u00e9"},"content":{"rendered":"<p>[et_pb_section fb_built=\u00a0\u00bb1&Prime; next_background_color=\u00a0\u00bb#ffffff\u00a0\u00bb admin_label=\u00a0\u00bbHeader\u00a0\u00bb _builder_version=\u00a0\u00bb4.16&Prime; background_color=\u00a0\u00bb#efebdc\u00a0\u00bb background_size=\u00a0\u00bbcontain\u00a0\u00bb background_position=\u00a0\u00bbbottom_center\u00a0\u00bb custom_padding=\u00a0\u00bb||0px|||\u00a0\u00bb bottom_divider_style=\u00a0\u00bbwaves\u00a0\u00bb bottom_divider_height=\u00a0\u00bb22vw\u00a0\u00bb bottom_divider_repeat=\u00a0\u00bb0.7x\u00a0\u00bb global_colors_info=\u00a0\u00bb{}\u00a0\u00bb][et_pb_row _builder_version=\u00a0\u00bb4.16&Prime; custom_padding=\u00a0\u00bb0vw||73px||false|false\u00a0\u00bb global_colors_info=\u00a0\u00bb{}\u00a0\u00bb][et_pb_column type=\u00a0\u00bb4_4&Prime; _builder_version=\u00a0\u00bb4.16&Prime; global_colors_info=\u00a0\u00bb{}\u00a0\u00bb][et_pb_text _builder_version=\u00a0\u00bb4.16&Prime; text_font=\u00a0\u00bb||||||||\u00a0\u00bb text_font_size=\u00a0\u00bb20px\u00a0\u00bb text_line_height=\u00a0\u00bb1.8em\u00a0\u00bb header_font=\u00a0\u00bbAmatic SC|700|||||||\u00a0\u00bb header_font_size=\u00a0\u00bb130px\u00a0\u00bb header_line_height=\u00a0\u00bb1.2em\u00a0\u00bb text_orientation=\u00a0\u00bbcenter\u00a0\u00bb max_width=\u00a0\u00bb912px\u00a0\u00bb module_alignment=\u00a0\u00bbcenter\u00a0\u00bb text_font_size_tablet=\u00a0\u00bb\u00a0\u00bb text_font_size_phone=\u00a0\u00bb18px\u00a0\u00bb text_font_size_last_edited=\u00a0\u00bbon|phone\u00a0\u00bb header_font_size_tablet=\u00a0\u00bb80px\u00a0\u00bb header_font_size_phone=\u00a0\u00bb60px\u00a0\u00bb header_font_size_last_edited=\u00a0\u00bbon|phone\u00a0\u00bb global_colors_info=\u00a0\u00bb{}\u00a0\u00bb]<\/p>\n<h1><a href=\"https:\/\/resadom.net\/mentions-legales\/\">Conditions d&rsquo;activit\u00e9<\/a><\/h1>\n<p>[\/et_pb_text][\/et_pb_column][\/et_pb_row][\/et_pb_section][et_pb_section fb_built=\u00a0\u00bb1&Prime; admin_label=\u00a0\u00bbFAQ\u00a0\u00bb _builder_version=\u00a0\u00bb4.16&Prime; background_enable_color=\u00a0\u00bboff\u00a0\u00bb use_background_color_gradient=\u00a0\u00bbon\u00a0\u00bb background_color_gradient_stops=\u00a0\u00bb#ffffff 0%|#f6f3ea 100%\u00a0\u00bb background_color_gradient_start=\u00a0\u00bb#ffffff\u00a0\u00bb background_color_gradient_end=\u00a0\u00bb#f6f3ea\u00a0\u00bb background_size=\u00a0\u00bbcontain\u00a0\u00bb background_position=\u00a0\u00bbbottom_center\u00a0\u00bb custom_padding=\u00a0\u00bb30px||0px|||\u00a0\u00bb global_colors_info=\u00a0\u00bb{}\u00a0\u00bb][et_pb_row column_structure=\u00a0\u00bb2_5,3_5&Prime; _builder_version=\u00a0\u00bb4.16&Prime; custom_padding=\u00a0\u00bb||11px|||\u00a0\u00bb global_colors_info=\u00a0\u00bb{}\u00a0\u00bb][et_pb_column type=\u00a0\u00bb2_5&Prime; _builder_version=\u00a0\u00bb4.16&Prime; background_image=\u00a0\u00bbhttps:\/\/demandealisa.com\/wp-content\/uploads\/2024\/04\/dog-walker-34.png\u00a0\u00bb background_size=\u00a0\u00bbcontain\u00a0\u00bb transform_scale_tablet=\u00a0\u00bb80%|80%\u00a0\u00bb transform_scale_phone=\u00a0\u00bb\u00a0\u00bb transform_scale_last_edited=\u00a0\u00bbon|tablet\u00a0\u00bb transform_translate=\u00a0\u00bb-75px|75px\u00a0\u00bb transform_translate_tablet=\u00a0\u00bb-35px|-5px\u00a0\u00bb transform_translate_phone=\u00a0\u00bb-55px|-5px\u00a0\u00bb transform_translate_last_edited=\u00a0\u00bbon|phone\u00a0\u00bb transform_translate_linked=\u00a0\u00bboff\u00a0\u00bb transform_rotate_tablet=\u00a0\u00bb\u00a0\u00bb transform_rotate_phone=\u00a0\u00bb\u00a0\u00bb transform_rotate_last_edited=\u00a0\u00bbon|desktop\u00a0\u00bb transform_skew_tablet=\u00a0\u00bb\u00a0\u00bb transform_skew_phone=\u00a0\u00bb\u00a0\u00bb transform_skew_last_edited=\u00a0\u00bbon|desktop\u00a0\u00bb transform_origin_tablet=\u00a0\u00bb\u00a0\u00bb transform_origin_phone=\u00a0\u00bb\u00a0\u00bb transform_origin_last_edited=\u00a0\u00bbon|desktop\u00a0\u00bb transform_styles_last_edited=\u00a0\u00bbon|phone\u00a0\u00bb transform_styles_tablet=\u00a0\u00bb\u00a0\u00bb transform_styles_phone=\u00a0\u00bb\u00a0\u00bb global_colors_info=\u00a0\u00bb{}\u00a0\u00bb][et_pb_image src=\u00a0\u00bbhttps:\/\/demandealisa.com\/wp-content\/uploads\/2025\/09\/cropped-LOGO-DEMANDE-A-LISA-FOND-TRANSPARENT.png\u00a0\u00bb title_text=\u00a0\u00bbcropped-LOGO-DEMANDE-A-LISA-FOND-TRANSPARENT.png\u00a0\u00bb _builder_version=\u00a0\u00bb4.24.3&Prime; transform_translate=\u00a0\u00bb111px|50px\u00a0\u00bb custom_margin=\u00a0\u00bb||||false|false\u00a0\u00bb animation_style=\u00a0\u00bbroll\u00a0\u00bb animation_intensity_roll=\u00a0\u00bb5%\u00a0\u00bb border_radii=\u00a0\u00bbon|50vw|50vw|50vw|50vw\u00a0\u00bb border_color_all=\u00a0\u00bb#efebdc\u00a0\u00bb global_colors_info=\u00a0\u00bb{}\u00a0\u00bb][\/et_pb_image][\/et_pb_column][et_pb_column type=\u00a0\u00bb3_5&Prime; _builder_version=\u00a0\u00bb4.16&Prime; global_colors_info=\u00a0\u00bb{}\u00a0\u00bb][et_pb_text _builder_version=\u00a0\u00bb4.24.3&Prime; header_2_font=\u00a0\u00bbAmatic SC|700|||||||\u00a0\u00bb header_2_font_size=\u00a0\u00bb80px\u00a0\u00bb header_2_line_height=\u00a0\u00bb1.2em\u00a0\u00bb custom_margin=\u00a0\u00bb||10px|||\u00a0\u00bb header_2_font_size_tablet=\u00a0\u00bb60px\u00a0\u00bb header_2_font_size_phone=\u00a0\u00bb32px\u00a0\u00bb header_2_font_size_last_edited=\u00a0\u00bbon|phone\u00a0\u00bb global_colors_info=\u00a0\u00bb{}\u00a0\u00bb]<\/p>\n<h2>Nos prestations<\/h2>\n<p>[\/et_pb_text][et_pb_text _builder_version=\u00a0\u00bb4.24.3&Prime; header_2_font=\u00a0\u00bbAmatic SC|700|||||||\u00a0\u00bb header_2_font_size=\u00a0\u00bb80px\u00a0\u00bb header_2_line_height=\u00a0\u00bb1.2em\u00a0\u00bb header_2_font_size_tablet=\u00a0\u00bb60px\u00a0\u00bb header_2_font_size_phone=\u00a0\u00bb32px\u00a0\u00bb header_2_font_size_last_edited=\u00a0\u00bbon|phone\u00a0\u00bb global_colors_info=\u00a0\u00bb{}\u00a0\u00bb]<\/p>\n<h3>Nos prestations de services \u00e0 la personne<\/h3>\n<p>Demandealisa.com est une plateforme de services \u00e0 la personne d\u00e9clar\u00e9e conform\u00e9ment \u00e0 l\u2019article L.7232-1-1 du Code du travail.<\/p>\n<p>Nous proposons des prestations relevant des activit\u00e9s mentionn\u00e9es \u00e0 l\u2019article D.7231-1 du Code du travail, notamment :<br \/>En mode prestataire et mandataire :<br \/>\u2022 Entretien de la maison et travaux m\u00e9nagers<br \/>\u2022 Petits travaux de jardinage<br \/>\u2022 Prestations de petit bricolage dites \u201chomme toutes mains\u201d<br \/>\u2022 Garde d\u2019enfants \u00e0 domicile (de plus ou de moins de 3 ans selon autorisation)<br \/>\u2022 Soutien scolaire ou cours \u00e0 domicile<br \/>\u2022 Livraison de repas ou de courses \u00e0 domicile<br \/>\u2022 Collecte et livraison de linge repass\u00e9<br \/>\u2022 Accompagnement informatique et administratif \u00e0 domicile<br \/>\u2022 Assistance aux personnes \u00e2g\u00e9es, personnes handicap\u00e9es (mode mandataire)<br \/>\u2022 Conduite de v\u00e9hicule des PA\/PH (mode mandataire)<br \/>\u2022 Accompagnement des PA\/PH dans leurs d\u00e9placements (mode mandataire)<\/p>\n<p>[\/et_pb_text][et_pb_text _builder_version=\u00a0\u00bb4.24.3&Prime; header_2_font=\u00a0\u00bbAmatic SC|700|||||||\u00a0\u00bb header_2_font_size=\u00a0\u00bb80px\u00a0\u00bb header_2_line_height=\u00a0\u00bb1.2em\u00a0\u00bb custom_margin=\u00a0\u00bb||14px|||\u00a0\u00bb header_2_font_size_tablet=\u00a0\u00bb60px\u00a0\u00bb header_2_font_size_phone=\u00a0\u00bb32px\u00a0\u00bb header_2_font_size_last_edited=\u00a0\u00bbon|phone\u00a0\u00bb global_colors_info=\u00a0\u00bb{}\u00a0\u00bb]<\/p>\n<h2>Mode d&rsquo;intervention<\/h2>\n<p>[\/et_pb_text][et_pb_text _builder_version=\u00a0\u00bb4.24.3&Prime; header_2_font=\u00a0\u00bbAmatic SC|700|||||||\u00a0\u00bb header_2_font_size=\u00a0\u00bb80px\u00a0\u00bb header_2_line_height=\u00a0\u00bb1.2em\u00a0\u00bb header_2_font_size_tablet=\u00a0\u00bb60px\u00a0\u00bb header_2_font_size_phone=\u00a0\u00bb32px\u00a0\u00bb header_2_font_size_last_edited=\u00a0\u00bbon|phone\u00a0\u00bb global_colors_info=\u00a0\u00bb{}\u00a0\u00bb]<\/p>\n<h3>Nos modes d\u2019intervention<\/h3>\n<p>Conform\u00e9ment \u00e0 la r\u00e9glementation des services \u00e0 la personne, Demande \u00e0 Lisa propose plusieurs modes d\u2019intervention selon la nature de la prestation :<\/p>\n<ul>\n<li>Mode prestataire : Demande \u00e0 Lisa est l\u2019employeur de l\u2019intervenant. Le client paie une facture<br \/>globale et b\u00e9n\u00e9ficie, le cas \u00e9ch\u00e9ant, du cr\u00e9dit d\u2019imp\u00f4t de 50 %.<\/li>\n<li>Mode mandataire : le client est l\u2019employeur de l\u2019intervenant. Demande \u00e0 Lisa agit en interm\u00e9diaire pour le recrutement et la gestion administrative.<\/li>\n<\/ul>\n<p>Le mode applicable est clairement indiqu\u00e9 pour chaque prestation avant toute r\u00e9servation.<\/p>\n<p>[\/et_pb_text][et_pb_text _builder_version=\u00a0\u00bb4.24.3&Prime; header_2_font=\u00a0\u00bbAmatic SC|700|||||||\u00a0\u00bb header_2_font_size=\u00a0\u00bb80px\u00a0\u00bb header_2_line_height=\u00a0\u00bb1.2em\u00a0\u00bb width=\u00a0\u00bb100%\u00a0\u00bb custom_margin=\u00a0\u00bb|-26px|14px|||\u00a0\u00bb header_2_font_size_tablet=\u00a0\u00bb60px\u00a0\u00bb header_2_font_size_phone=\u00a0\u00bb32px\u00a0\u00bb header_2_font_size_last_edited=\u00a0\u00bbon|phone\u00a0\u00bb global_colors_info=\u00a0\u00bb{}\u00a0\u00bb]<\/p>\n<h2>Informations pr\u00e9contractuelles<\/h2>\n<p>[\/et_pb_text][et_pb_text _builder_version=\u00a0\u00bb4.24.3&Prime; header_2_font=\u00a0\u00bbAmatic SC|700|||||||\u00a0\u00bb header_2_font_size=\u00a0\u00bb80px\u00a0\u00bb header_2_line_height=\u00a0\u00bb1.2em\u00a0\u00bb header_2_font_size_tablet=\u00a0\u00bb60px\u00a0\u00bb header_2_font_size_phone=\u00a0\u00bb32px\u00a0\u00bb header_2_font_size_last_edited=\u00a0\u00bbon|phone\u00a0\u00bb global_colors_info=\u00a0\u00bb{}\u00a0\u00bb]<\/p>\n<h3>Informations pr\u00e9contractuelles<\/h3>\n<p>Conform\u00e9ment \u00e0 l\u2019arr\u00eat\u00e9 du 17 mars 2015 relatif \u00e0 l\u2019information du consommateur sur les prestations de services \u00e0 la personne, Demande \u00e0 Lisa met \u00e0 disposition les informations suivantes :<\/p>\n<ul>\n<li>La liste et description des prestations propos\u00e9es (voir \u201cNos prestations\u201d)<\/li>\n<li>Le ou les modes d\u2019intervention propos\u00e9s (voir \u201cModes d\u2019intervention\u201d)<\/li>\n<li>Les tarifs et modalit\u00e9s de facturation (prix TTC, devis gratuit avant intervention)<\/li>\n<li>Les conditions d\u2019annulation et de remboursement<\/li>\n<li>Les garanties et assurances applicables<\/li>\n<li>Les modalit\u00e9s de r\u00e9clamation et de contact<\/li>\n<\/ul>\n<p>Exemple de devis-type : le tarif horaire est communiqu\u00e9 avant r\u00e9servation et confirm\u00e9 dans le devis num\u00e9rique transmis au client.<\/p>\n<p>Toute prestation donne lieu \u00e0 un devis gratuit, conform\u00e9ment \u00e0 la r\u00e9glementation en vigueur.<\/p>\n<p>[\/et_pb_text][et_pb_text _builder_version=\u00a0\u00bb4.24.3&Prime; header_2_font=\u00a0\u00bbAmatic SC|700|||||||\u00a0\u00bb header_2_font_size=\u00a0\u00bb80px\u00a0\u00bb header_2_line_height=\u00a0\u00bb1.2em\u00a0\u00bb width=\u00a0\u00bb100%\u00a0\u00bb custom_margin=\u00a0\u00bb||14px|||\u00a0\u00bb header_2_font_size_tablet=\u00a0\u00bb60px\u00a0\u00bb header_2_font_size_phone=\u00a0\u00bb32px\u00a0\u00bb header_2_font_size_last_edited=\u00a0\u00bbon|phone\u00a0\u00bb global_colors_info=\u00a0\u00bb{}\u00a0\u00bb]<\/p>\n<h2>Transparence de la plateforme<\/h2>\n<p>[\/et_pb_text][et_pb_text _builder_version=\u00a0\u00bb4.24.3&Prime; header_2_font=\u00a0\u00bbAmatic SC|700|||||||\u00a0\u00bb header_2_font_size=\u00a0\u00bb80px\u00a0\u00bb header_2_line_height=\u00a0\u00bb1.2em\u00a0\u00bb header_2_font_size_tablet=\u00a0\u00bb60px\u00a0\u00bb header_2_font_size_phone=\u00a0\u00bb32px\u00a0\u00bb header_2_font_size_last_edited=\u00a0\u00bbon|phone\u00a0\u00bb global_colors_info=\u00a0\u00bb{}\u00a0\u00bb]<\/p>\n<p>Conform\u00e9ment \u00e0 l\u2019article L.111-7 du Code de la consommation et \u00e0 la loi du 7 octobre 2016 pour une R\u00e9publique num\u00e9rique :<\/p>\n<ul>\n<li><strong>Nature du service :<\/strong> Demande \u00e0 Lisa est une plateforme de mise en relation entre clients et<br \/>intervenants qualifi\u00e9s pour les services \u00e0 la personne.<\/li>\n<li><strong>Crit\u00e8res de classement :<\/strong> Les intervenants sont pr\u00e9sent\u00e9s selon leur disponibilit\u00e9, leur localisation g\u00e9ographique.<\/li>\n<li><strong>Relations contractuelles :<\/strong> La plateforme agit selon le mode d\u2019intervention indiqu\u00e9 pour chaque prestation (prestataire, mandataire).<\/li>\n<li><strong>R\u00e9mun\u00e9ration de la plateforme :<\/strong> La r\u00e9mun\u00e9ration de Demande \u00e0 Lisa provient des commissions au moment de la commande.<\/li>\n<li><strong>Avis clients :<\/strong> Les avis publi\u00e9s sont v\u00e9rifi\u00e9s manuellement afin de garantir leur authenticit\u00e9.<br \/>La transparence de notre service est un engagement essentiel de notre d\u00e9marche qualit\u00e9.<\/li>\n<\/ul>\n<p>[\/et_pb_text][et_pb_text _builder_version=\u00a0\u00bb4.24.3&Prime; header_2_font=\u00a0\u00bbAmatic SC|700|||||||\u00a0\u00bb header_2_font_size=\u00a0\u00bb80px\u00a0\u00bb header_2_line_height=\u00a0\u00bb1.2em\u00a0\u00bb width=\u00a0\u00bb100%\u00a0\u00bb custom_margin=\u00a0\u00bb||4px|||\u00a0\u00bb header_2_font_size_tablet=\u00a0\u00bb60px\u00a0\u00bb header_2_font_size_phone=\u00a0\u00bb32px\u00a0\u00bb header_2_font_size_last_edited=\u00a0\u00bbon|phone\u00a0\u00bb global_colors_info=\u00a0\u00bb{}\u00a0\u00bb]<\/p>\n<h2>Notre d\u00e9marche qualit\u00e9<\/h2>\n<p>[\/et_pb_text][et_pb_text _builder_version=\u00a0\u00bb4.24.3&Prime; header_2_font=\u00a0\u00bbAmatic SC|700|||||||\u00a0\u00bb header_2_font_size=\u00a0\u00bb80px\u00a0\u00bb header_2_line_height=\u00a0\u00bb1.2em\u00a0\u00bb header_2_font_size_tablet=\u00a0\u00bb60px\u00a0\u00bb header_2_font_size_phone=\u00a0\u00bb32px\u00a0\u00bb header_2_font_size_last_edited=\u00a0\u00bbon|phone\u00a0\u00bb global_colors_info=\u00a0\u00bb{}\u00a0\u00bb]<\/p>\n<p>Demande \u00e0 Lisa place la satisfaction de ses clients au c\u0153ur de son action.<br \/>Nos engagements :<\/p>\n<ul>\n<li>S\u00e9lection rigoureuse des intervenants (comp\u00e9tences, r\u00e9f\u00e9rences, dipl\u00f4mes v\u00e9rifi\u00e9s)<\/li>\n<li>Formation continue et suivi r\u00e9gulier des prestations<\/li>\n<li>Contr\u00f4le qualit\u00e9 \u00e0 chaque \u00e9tape du parcours client<\/li>\n<li>R\u00e9ponses \u00e0 toute r\u00e9clamation ou suggestion<\/li>\n<li>Enqu\u00eate annuelle de satisfaction<\/li>\n<\/ul>\n<p>Les r\u00e9sultats de l\u2019enqu\u00eate annuelle sont analys\u00e9s afin d\u2019identifier les points d\u2019am\u00e9lioration et de mettre en \u0153uvre des actions correctives document\u00e9es.<\/p>\n<p>Notre \u00e9quipe qualit\u00e9 suit chaque retour client pour garantir une am\u00e9lioration continue du service.<\/p>\n<p>&nbsp;<\/p>\n<p>[\/et_pb_text][\/et_pb_column][\/et_pb_row][\/et_pb_section]<\/p>\n","protected":false},"excerpt":{"rendered":"<p>Conditions d&rsquo;activit\u00e9Nos prestationsNos prestations de services \u00e0 la personne Demandealisa.com est une plateforme de services \u00e0 la personne d\u00e9clar\u00e9e conform\u00e9ment \u00e0 l\u2019article L.7232-1-1 du Code du travail. Nous proposons des prestations relevant des activit\u00e9s mentionn\u00e9es \u00e0 l\u2019article D.7231-1 du Code du travail, notamment :En mode prestataire et mandataire :\u2022 Entretien de la maison et travaux [&hellip;]<\/p>\n","protected":false},"author":1,"featured_media":0,"parent":0,"menu_order":0,"comment_status":"closed","ping_status":"closed","template":"","meta":{"_et_pb_use_builder":"on","_et_pb_old_content":"","_et_gb_content_width":"","footnotes":""},"class_list":["post-246","page","type-page","status-publish","hentry"],"yoast_head":"<!-- This site is optimized with the Yoast SEO plugin v27.6 - https:\/\/yoast.com\/product\/yoast-seo-wordpress\/ -->\n<title>Conditions d&#039;activit\u00e9 - Demande \u00e0 Lisa<\/title>\n<meta name=\"robots\" content=\"index, follow, max-snippet:-1, max-image-preview:large, max-video-preview:-1\" \/>\n<link rel=\"canonical\" href=\"https:\/\/demandealisa.com\/?page_id=246\" \/>\n<meta property=\"og:locale\" content=\"fr_FR\" \/>\n<meta property=\"og:type\" content=\"article\" \/>\n<meta property=\"og:title\" content=\"Conditions d&#039;activit\u00e9 - Demande \u00e0 Lisa\" \/>\n<meta property=\"og:description\" content=\"Conditions d&#039;activit\u00e9Nos prestationsNos prestations de services \u00e0 la personne Demandealisa.com est une plateforme de services \u00e0 la personne d\u00e9clar\u00e9e conform\u00e9ment \u00e0 l\u2019article L.7232-1-1 du Code du travail. Nous proposons des prestations relevant des activit\u00e9s mentionn\u00e9es \u00e0 l\u2019article D.7231-1 du Code du travail, notamment :En mode prestataire et mandataire :\u2022 Entretien de la maison et travaux [&hellip;]\" \/>\n<meta property=\"og:url\" content=\"https:\/\/demandealisa.com\/?page_id=246\" \/>\n<meta property=\"og:site_name\" content=\"Demande \u00e0 Lisa\" \/>\n<meta property=\"article:modified_time\" content=\"2025-11-05T23:51:43+00:00\" \/>\n<meta name=\"twitter:card\" content=\"summary_large_image\" \/>\n<meta name=\"twitter:label1\" content=\"Dur\u00e9e de lecture estim\u00e9e\" \/>\n\t<meta name=\"twitter:data1\" content=\"4 minutes\" \/>\n<script type=\"application\/ld+json\" class=\"yoast-schema-graph\">{\"@context\":\"https:\\\/\\\/schema.org\",\"@graph\":[{\"@type\":\"WebPage\",\"@id\":\"https:\\\/\\\/demandealisa.com\\\/?page_id=246\",\"url\":\"https:\\\/\\\/demandealisa.com\\\/?page_id=246\",\"name\":\"Conditions d'activit\u00e9 - Demande \u00e0 Lisa\",\"isPartOf\":{\"@id\":\"https:\\\/\\\/demandealisa.com\\\/#website\"},\"datePublished\":\"2025-11-05T19:04:05+00:00\",\"dateModified\":\"2025-11-05T23:51:43+00:00\",\"breadcrumb\":{\"@id\":\"https:\\\/\\\/demandealisa.com\\\/?page_id=246#breadcrumb\"},\"inLanguage\":\"fr-FR\",\"potentialAction\":[{\"@type\":\"ReadAction\",\"target\":[\"https:\\\/\\\/demandealisa.com\\\/?page_id=246\"]}]},{\"@type\":\"BreadcrumbList\",\"@id\":\"https:\\\/\\\/demandealisa.com\\\/?page_id=246#breadcrumb\",\"itemListElement\":[{\"@type\":\"ListItem\",\"position\":1,\"name\":\"Accueil\",\"item\":\"https:\\\/\\\/demandealisa.com\\\/\"},{\"@type\":\"ListItem\",\"position\":2,\"name\":\"Conditions d&#8217;activit\u00e9\"}]},{\"@type\":\"WebSite\",\"@id\":\"https:\\\/\\\/demandealisa.com\\\/#website\",\"url\":\"https:\\\/\\\/demandealisa.com\\\/\",\"name\":\"Demande \u00e0 Lisa\",\"description\":\"Lisa est ta nouvelle meilleure amie\",\"potentialAction\":[{\"@type\":\"SearchAction\",\"target\":{\"@type\":\"EntryPoint\",\"urlTemplate\":\"https:\\\/\\\/demandealisa.com\\\/?s={search_term_string}\"},\"query-input\":{\"@type\":\"PropertyValueSpecification\",\"valueRequired\":true,\"valueName\":\"search_term_string\"}}],\"inLanguage\":\"fr-FR\"}]}<\/script>\n<!-- \/ Yoast SEO plugin. -->","yoast_head_json":{"title":"Conditions d'activit\u00e9 - Demande \u00e0 Lisa","robots":{"index":"index","follow":"follow","max-snippet":"max-snippet:-1","max-image-preview":"max-image-preview:large","max-video-preview":"max-video-preview:-1"},"canonical":"https:\/\/demandealisa.com\/?page_id=246","og_locale":"fr_FR","og_type":"article","og_title":"Conditions d'activit\u00e9 - Demande \u00e0 Lisa","og_description":"Conditions d'activit\u00e9Nos prestationsNos prestations de services \u00e0 la personne Demandealisa.com est une plateforme de services \u00e0 la personne d\u00e9clar\u00e9e conform\u00e9ment \u00e0 l\u2019article L.7232-1-1 du Code du travail. Nous proposons des prestations relevant des activit\u00e9s mentionn\u00e9es \u00e0 l\u2019article D.7231-1 du Code du travail, notamment :En mode prestataire et mandataire :\u2022 Entretien de la maison et travaux [&hellip;]","og_url":"https:\/\/demandealisa.com\/?page_id=246","og_site_name":"Demande \u00e0 Lisa","article_modified_time":"2025-11-05T23:51:43+00:00","twitter_card":"summary_large_image","twitter_misc":{"Dur\u00e9e de lecture estim\u00e9e":"4 minutes"},"schema":{"@context":"https:\/\/schema.org","@graph":[{"@type":"WebPage","@id":"https:\/\/demandealisa.com\/?page_id=246","url":"https:\/\/demandealisa.com\/?page_id=246","name":"Conditions d'activit\u00e9 - Demande \u00e0 Lisa","isPartOf":{"@id":"https:\/\/demandealisa.com\/#website"},"datePublished":"2025-11-05T19:04:05+00:00","dateModified":"2025-11-05T23:51:43+00:00","breadcrumb":{"@id":"https:\/\/demandealisa.com\/?page_id=246#breadcrumb"},"inLanguage":"fr-FR","potentialAction":[{"@type":"ReadAction","target":["https:\/\/demandealisa.com\/?page_id=246"]}]},{"@type":"BreadcrumbList","@id":"https:\/\/demandealisa.com\/?page_id=246#breadcrumb","itemListElement":[{"@type":"ListItem","position":1,"name":"Accueil","item":"https:\/\/demandealisa.com\/"},{"@type":"ListItem","position":2,"name":"Conditions d&#8217;activit\u00e9"}]},{"@type":"WebSite","@id":"https:\/\/demandealisa.com\/#website","url":"https:\/\/demandealisa.com\/","name":"Demande \u00e0 Lisa","description":"Lisa est ta nouvelle meilleure amie","potentialAction":[{"@type":"SearchAction","target":{"@type":"EntryPoint","urlTemplate":"https:\/\/demandealisa.com\/?s={search_term_string}"},"query-input":{"@type":"PropertyValueSpecification","valueRequired":true,"valueName":"search_term_string"}}],"inLanguage":"fr-FR"}]}},"_links":{"self":[{"href":"https:\/\/demandealisa.com\/index.php?rest_route=\/wp\/v2\/pages\/246","targetHints":{"allow":["GET"]}}],"collection":[{"href":"https:\/\/demandealisa.com\/index.php?rest_route=\/wp\/v2\/pages"}],"about":[{"href":"https:\/\/demandealisa.com\/index.php?rest_route=\/wp\/v2\/types\/page"}],"author":[{"embeddable":true,"href":"https:\/\/demandealisa.com\/index.php?rest_route=\/wp\/v2\/users\/1"}],"replies":[{"embeddable":true,"href":"https:\/\/demandealisa.com\/index.php?rest_route=%2Fwp%2Fv2%2Fcomments&post=246"}],"version-history":[{"count":5,"href":"https:\/\/demandealisa.com\/index.php?rest_route=\/wp\/v2\/pages\/246\/revisions"}],"predecessor-version":[{"id":254,"href":"https:\/\/demandealisa.com\/index.php?rest_route=\/wp\/v2\/pages\/246\/revisions\/254"}],"wp:attachment":[{"href":"https:\/\/demandealisa.com\/index.php?rest_route=%2Fwp%2Fv2%2Fmedia&parent=246"}],"curies":[{"name":"wp","href":"https:\/\/api.w.org\/{rel}","templated":true}]}}