{"id":141,"date":"2024-05-06T15:56:04","date_gmt":"2024-05-06T15:56:04","guid":{"rendered":"https:\/\/demandealisa.com\/?page_id=141"},"modified":"2024-05-08T13:44:13","modified_gmt":"2024-05-08T13:44:13","slug":"garde-d-enfant","status":"publish","type":"page","link":"https:\/\/demandealisa.com\/?page_id=141","title":{"rendered":"Garde d&rsquo;enfant"},"content":{"rendered":"\n[et_pb_section fb_built=\u00a0\u00bb1&Prime; next_background_color=\u00a0\u00bb#ffffff\u00a0\u00bb admin_label=\u00a0\u00bbHeader\u00a0\u00bb _builder_version=\u00a0\u00bb4.16&Prime; background_color=\u00a0\u00bb#efebdc\u00a0\u00bb background_size=\u00a0\u00bbcontain\u00a0\u00bb background_position=\u00a0\u00bbbottom_center\u00a0\u00bb custom_padding=\u00a0\u00bb||0px|||\u00a0\u00bb bottom_divider_style=\u00a0\u00bbwaves\u00a0\u00bb bottom_divider_height=\u00a0\u00bb22vw\u00a0\u00bb bottom_divider_repeat=\u00a0\u00bb0.7x\u00a0\u00bb global_colors_info=\u00a0\u00bb{}\u00a0\u00bb][et_pb_row _builder_version=\u00a0\u00bb4.16&Prime; custom_padding=\u00a0\u00bb5vw||||false|false\u00a0\u00bb global_colors_info=\u00a0\u00bb{}\u00a0\u00bb][et_pb_column type=\u00a0\u00bb4_4&Prime; _builder_version=\u00a0\u00bb4.16&Prime; global_colors_info=\u00a0\u00bb{}\u00a0\u00bb][et_pb_text _builder_version=\u00a0\u00bb4.16&Prime; text_font=\u00a0\u00bb||||||||\u00a0\u00bb text_font_size=\u00a0\u00bb20px\u00a0\u00bb text_line_height=\u00a0\u00bb1.8em\u00a0\u00bb header_font=\u00a0\u00bbAmatic SC|700|||||||\u00a0\u00bb header_font_size=\u00a0\u00bb130px\u00a0\u00bb header_line_height=\u00a0\u00bb1.2em\u00a0\u00bb text_orientation=\u00a0\u00bbcenter\u00a0\u00bb max_width=\u00a0\u00bb912px\u00a0\u00bb module_alignment=\u00a0\u00bbcenter\u00a0\u00bb text_font_size_tablet=\u00a0\u00bb\u00a0\u00bb text_font_size_phone=\u00a0\u00bb18px\u00a0\u00bb text_font_size_last_edited=\u00a0\u00bbon|phone\u00a0\u00bb header_font_size_tablet=\u00a0\u00bb80px\u00a0\u00bb header_font_size_phone=\u00a0\u00bb60px\u00a0\u00bb header_font_size_last_edited=\u00a0\u00bbon|phone\u00a0\u00bb global_colors_info=\u00a0\u00bb{}\u00a0\u00bb]<h1>GARDE D\u2019ENFANT +3ans<\/h1>[\/et_pb_text][\/et_pb_column][\/et_pb_row][et_pb_row column_structure=\u00a0\u00bb1_3,1_3,1_3&Prime; _builder_version=\u00a0\u00bb4.24.3&Prime; max_width=\u00a0\u00bb1280px\u00a0\u00bb custom_margin=\u00a0\u00bb50px|auto|50px|auto|true|false\u00a0\u00bb custom_padding=\u00a0\u00bb50px|||||\u00a0\u00bb hover_enabled=\u00a0\u00bb0&Prime; global_colors_info=\u00a0\u00bb{}\u00a0\u00bb sticky_enabled=\u00a0\u00bb0&Prime;][et_pb_column type=\u00a0\u00bb1_3&Prime; _builder_version=\u00a0\u00bb4.16&Prime; background_color=\u00a0\u00bb#ffffff\u00a0\u00bb overflow-x=\u00a0\u00bbvisible\u00a0\u00bb overflow-y=\u00a0\u00bbvisible\u00a0\u00bb custom_padding=\u00a0\u00bb|30px|0px|30px|false|true\u00a0\u00bb custom_padding_tablet=\u00a0\u00bb||30px\u00a0\u00bb custom_padding_phone=\u00a0\u00bb\u00a0\u00bb custom_padding_last_edited=\u00a0\u00bbon|phone\u00a0\u00bb border_radii=\u00a0\u00bbon|60px|60px|60px|60px\u00a0\u00bb global_colors_info=\u00a0\u00bb{}\u00a0\u00bb][et_pb_image src=\u00a0\u00bbhttps:\/\/demandealisa.com\/wp-content\/uploads\/2024\/05\/Gaerde-denfant-avec-Lisa.jpg\u00a0\u00bb title_text=\u00a0\u00bbGaerde d&rsquo;enfant avec Lisa\u00a0\u00bb align=\u00a0\u00bbcenter\u00a0\u00bb _builder_version=\u00a0\u00bb4.24.3&Prime; transform_rotate=\u00a0\u00bb0deg|0deg|-10deg\u00a0\u00bb custom_margin=\u00a0\u00bb-60px||\u00a0\u00bb custom_margin_tablet=\u00a0\u00bb0px||||false|false\u00a0\u00bb custom_margin_phone=\u00a0\u00bb\u00a0\u00bb custom_margin_last_edited=\u00a0\u00bbon|desktop\u00a0\u00bb hover_enabled=\u00a0\u00bb0&Prime; border_radii=\u00a0\u00bbon|65px|65px|65px|65px\u00a0\u00bb box_shadow_style=\u00a0\u00bbpreset3&Prime; box_shadow_horizontal=\u00a0\u00bb26px\u00a0\u00bb box_shadow_vertical=\u00a0\u00bb26px\u00a0\u00bb box_shadow_blur=\u00a0\u00bb68px\u00a0\u00bb box_shadow_spread=\u00a0\u00bb-16px\u00a0\u00bb global_colors_info=\u00a0\u00bb{}\u00a0\u00bb sticky_enabled=\u00a0\u00bb0&Prime;][\/et_pb_image][et_pb_text _builder_version=\u00a0\u00bb4.16&Prime; text_font=\u00a0\u00bb||||||||\u00a0\u00bb text_line_height=\u00a0\u00bb1.8em\u00a0\u00bb header_font=\u00a0\u00bb||||||||\u00a0\u00bb header_3_font=\u00a0\u00bbAmatic SC|700|||||||\u00a0\u00bb header_3_font_size=\u00a0\u00bb40px\u00a0\u00bb header_3_line_height=\u00a0\u00bb1.2em\u00a0\u00bb custom_margin=\u00a0\u00bb60px||\u00a0\u00bb global_colors_info=\u00a0\u00bb{}\u00a0\u00bb text_text_align_tablet=\u00a0\u00bbcenter\u00a0\u00bb text_text_align_last_edited=\u00a0\u00bbon|tablet\u00a0\u00bb text_text_align_phone=\u00a0\u00bbcenter\u00a0\u00bb]<h3>\u00e0 ton service !<\/h3>\n<p>Quand tu ne peux pas garder les enfants, demande \u00e0 Lisa.\u00a0Que tu sois un homme, une femme, c\u00e9libataire, divorc\u00e9 (e) ou en couple, Lisa est l\u00e0 pour t\u2019aider.<\/p>[\/et_pb_text][et_pb_button button_url=\u00a0\u00bbhttps:\/\/oss.ogustine.com\/marketplaces\/demande-a-lisa\/castings\/new?casting%5Bservice_category_id%5D=919&Prime; button_text=\u00a0\u00bbR\u00e9server\u00a0\u00bb button_alignment_tablet=\u00a0\u00bbcenter\u00a0\u00bb button_alignment_phone=\u00a0\u00bb\u00a0\u00bb button_alignment_last_edited=\u00a0\u00bbon|tablet\u00a0\u00bb _builder_version=\u00a0\u00bb4.24.3&Prime; custom_button=\u00a0\u00bbon\u00a0\u00bb button_text_size=\u00a0\u00bb14px\u00a0\u00bb button_bg_color=\u00a0\u00bb#ee6a5b\u00a0\u00bb button_border_color=\u00a0\u00bbrgba(0,0,0,0)\u00a0\u00bb button_border_radius=\u00a0\u00bb50px\u00a0\u00bb button_font=\u00a0\u00bb|700|||||||\u00a0\u00bb button_icon=\u00a0\u00bb&#x24;||divi||400&Prime; background_layout=\u00a0\u00bbdark\u00a0\u00bb custom_padding=\u00a0\u00bb10px|40px|10px|40px|true|true\u00a0\u00bb hover_enabled=\u00a0\u00bb0&Prime; global_colors_info=\u00a0\u00bb{}\u00a0\u00bb sticky_enabled=\u00a0\u00bb0&Prime;][\/et_pb_button][\/et_pb_column][et_pb_column type=\u00a0\u00bb1_3&Prime; _builder_version=\u00a0\u00bb4.24.3&Prime; background_enable_color=\u00a0\u00bboff\u00a0\u00bb transform_scale_tablet=\u00a0\u00bb\u00a0\u00bb transform_scale_phone=\u00a0\u00bb\u00a0\u00bb transform_scale_last_edited=\u00a0\u00bbon|desktop\u00a0\u00bb transform_translate=\u00a0\u00bb0px|48px\u00a0\u00bb transform_translate_tablet=\u00a0\u00bb0px|0px\u00a0\u00bb transform_translate_phone=\u00a0\u00bb\u00a0\u00bb transform_translate_last_edited=\u00a0\u00bbon|tablet\u00a0\u00bb transform_translate_linked=\u00a0\u00bboff\u00a0\u00bb transform_rotate_tablet=\u00a0\u00bb\u00a0\u00bb transform_rotate_phone=\u00a0\u00bb\u00a0\u00bb transform_rotate_last_edited=\u00a0\u00bbon|desktop\u00a0\u00bb transform_skew_tablet=\u00a0\u00bb\u00a0\u00bb transform_skew_phone=\u00a0\u00bb\u00a0\u00bb transform_skew_last_edited=\u00a0\u00bbon|desktop\u00a0\u00bb transform_origin_tablet=\u00a0\u00bb\u00a0\u00bb transform_origin_phone=\u00a0\u00bb\u00a0\u00bb transform_origin_last_edited=\u00a0\u00bbon|desktop\u00a0\u00bb transform_styles_last_edited=\u00a0\u00bbon|tablet\u00a0\u00bb overflow-x=\u00a0\u00bbvisible\u00a0\u00bb overflow-y=\u00a0\u00bbvisible\u00a0\u00bb custom_padding=\u00a0\u00bb|30px|0px|30px|false|true\u00a0\u00bb custom_padding_tablet=\u00a0\u00bb||30px\u00a0\u00bb custom_padding_phone=\u00a0\u00bb\u00a0\u00bb custom_padding_last_edited=\u00a0\u00bbon|desktop\u00a0\u00bb transform_styles_tablet=\u00a0\u00bb\u00a0\u00bb transform_styles_phone=\u00a0\u00bb\u00a0\u00bb border_radii=\u00a0\u00bbon|60px|60px|60px|60px\u00a0\u00bb global_colors_info=\u00a0\u00bb{}\u00a0\u00bb][et_pb_image src=\u00a0\u00bbhttps:\/\/demandealisa.com\/wp-content\/uploads\/2024\/05\/AICI.jpg\u00a0\u00bb title_text=\u00a0\u00bbAICI\u00a0\u00bb _builder_version=\u00a0\u00bb4.24.3&Prime; _module_preset=\u00a0\u00bbdefault\u00a0\u00bb width=\u00a0\u00bb75%\u00a0\u00bb border_radii=\u00a0\u00bbon|15px|15px|15px|15px\u00a0\u00bb box_shadow_style=\u00a0\u00bbpreset1&Prime; global_colors_info=\u00a0\u00bb{}\u00a0\u00bb][\/et_pb_image][\/et_pb_column][et_pb_column type=\u00a0\u00bb1_3&Prime; _builder_version=\u00a0\u00bb4.24.3&Prime; background_enable_color=\u00a0\u00bboff\u00a0\u00bb transform_scale_tablet=\u00a0\u00bb\u00a0\u00bb transform_scale_phone=\u00a0\u00bb\u00a0\u00bb transform_scale_last_edited=\u00a0\u00bbon|desktop\u00a0\u00bb transform_translate=\u00a0\u00bb0px|-48px\u00a0\u00bb transform_translate_tablet=\u00a0\u00bb0px|0px\u00a0\u00bb transform_translate_phone=\u00a0\u00bb\u00a0\u00bb transform_translate_last_edited=\u00a0\u00bbon|tablet\u00a0\u00bb transform_translate_linked=\u00a0\u00bboff\u00a0\u00bb transform_rotate_tablet=\u00a0\u00bb\u00a0\u00bb transform_rotate_phone=\u00a0\u00bb\u00a0\u00bb transform_rotate_last_edited=\u00a0\u00bbon|desktop\u00a0\u00bb transform_skew_tablet=\u00a0\u00bb\u00a0\u00bb transform_skew_phone=\u00a0\u00bb\u00a0\u00bb transform_skew_last_edited=\u00a0\u00bbon|desktop\u00a0\u00bb transform_origin_tablet=\u00a0\u00bb\u00a0\u00bb transform_origin_phone=\u00a0\u00bb\u00a0\u00bb transform_origin_last_edited=\u00a0\u00bbon|desktop\u00a0\u00bb transform_styles_last_edited=\u00a0\u00bbon|tablet\u00a0\u00bb overflow-x=\u00a0\u00bbvisible\u00a0\u00bb overflow-y=\u00a0\u00bbvisible\u00a0\u00bb custom_padding=\u00a0\u00bb|30px|0px|30px|false|true\u00a0\u00bb custom_padding_tablet=\u00a0\u00bb||30px\u00a0\u00bb custom_padding_phone=\u00a0\u00bb\u00a0\u00bb custom_padding_last_edited=\u00a0\u00bbon|desktop\u00a0\u00bb transform_styles_tablet=\u00a0\u00bb\u00a0\u00bb transform_styles_phone=\u00a0\u00bb\u00a0\u00bb border_radii=\u00a0\u00bbon|60px|60px|60px|60px\u00a0\u00bb global_colors_info=\u00a0\u00bb{}\u00a0\u00bb][et_pb_image src=\u00a0\u00bbhttps:\/\/demandealisa.com\/wp-content\/uploads\/2024\/04\/credit-dimpot-50-aide-a-la-personne.png\u00a0\u00bb title_text=\u00a0\u00bbcredit-dimpot-50-aide-a-la-personne\u00a0\u00bb _builder_version=\u00a0\u00bb4.24.3&Prime; _module_preset=\u00a0\u00bbdefault\u00a0\u00bb max_width=\u00a0\u00bb75%\u00a0\u00bb global_colors_info=\u00a0\u00bb{}\u00a0\u00bb][\/et_pb_image][\/et_pb_column][\/et_pb_row][\/et_pb_section][et_pb_section fb_built=\u00a0\u00bb1&Prime; admin_label=\u00a0\u00bbFAQ\u00a0\u00bb _builder_version=\u00a0\u00bb4.16&Prime; background_enable_color=\u00a0\u00bboff\u00a0\u00bb use_background_color_gradient=\u00a0\u00bbon\u00a0\u00bb background_color_gradient_stops=\u00a0\u00bb#ffffff 0%|#f6f3ea 100%\u00a0\u00bb background_color_gradient_start=\u00a0\u00bb#ffffff\u00a0\u00bb background_color_gradient_end=\u00a0\u00bb#f6f3ea\u00a0\u00bb background_size=\u00a0\u00bbcontain\u00a0\u00bb background_position=\u00a0\u00bbbottom_center\u00a0\u00bb custom_padding=\u00a0\u00bb30px||0px|||\u00a0\u00bb global_colors_info=\u00a0\u00bb{}\u00a0\u00bb][et_pb_row column_structure=\u00a0\u00bb1_2,1_2&Prime; _builder_version=\u00a0\u00bb4.16&Prime; global_colors_info=\u00a0\u00bb{}\u00a0\u00bb][et_pb_column type=\u00a0\u00bb1_2&Prime; _builder_version=\u00a0\u00bb4.16&Prime; background_image=\u00a0\u00bbhttps:\/\/demandealisa.com\/wp-content\/uploads\/2024\/04\/dog-walker-34.png\u00a0\u00bb background_size=\u00a0\u00bbcontain\u00a0\u00bb transform_scale_tablet=\u00a0\u00bb80%|80%\u00a0\u00bb transform_scale_phone=\u00a0\u00bb\u00a0\u00bb transform_scale_last_edited=\u00a0\u00bbon|tablet\u00a0\u00bb transform_translate=\u00a0\u00bb-75px|75px\u00a0\u00bb transform_translate_tablet=\u00a0\u00bb-35px|-5px\u00a0\u00bb transform_translate_phone=\u00a0\u00bb-55px|-5px\u00a0\u00bb transform_translate_last_edited=\u00a0\u00bbon|phone\u00a0\u00bb transform_translate_linked=\u00a0\u00bboff\u00a0\u00bb transform_rotate_tablet=\u00a0\u00bb\u00a0\u00bb transform_rotate_phone=\u00a0\u00bb\u00a0\u00bb transform_rotate_last_edited=\u00a0\u00bbon|desktop\u00a0\u00bb transform_skew_tablet=\u00a0\u00bb\u00a0\u00bb transform_skew_phone=\u00a0\u00bb\u00a0\u00bb transform_skew_last_edited=\u00a0\u00bbon|desktop\u00a0\u00bb transform_origin_tablet=\u00a0\u00bb\u00a0\u00bb transform_origin_phone=\u00a0\u00bb\u00a0\u00bb transform_origin_last_edited=\u00a0\u00bbon|desktop\u00a0\u00bb transform_styles_last_edited=\u00a0\u00bbon|phone\u00a0\u00bb transform_styles_tablet=\u00a0\u00bb\u00a0\u00bb transform_styles_phone=\u00a0\u00bb\u00a0\u00bb global_colors_info=\u00a0\u00bb{}\u00a0\u00bb][et_pb_image src=\u00a0\u00bbhttps:\/\/demandealisa.com\/wp-content\/uploads\/2024\/05\/garde-enfant.jpg\u00a0\u00bb title_text=\u00a0\u00bbgarde-enfant\u00a0\u00bb _builder_version=\u00a0\u00bb4.24.3&Prime; transform_translate=\u00a0\u00bb111px|50px\u00a0\u00bb custom_margin=\u00a0\u00bb||||false|false\u00a0\u00bb animation_style=\u00a0\u00bbroll\u00a0\u00bb animation_intensity_roll=\u00a0\u00bb5%\u00a0\u00bb border_radii=\u00a0\u00bbon|50vw|50vw|50vw|50vw\u00a0\u00bb border_color_all=\u00a0\u00bb#efebdc\u00a0\u00bb global_colors_info=\u00a0\u00bb{}\u00a0\u00bb][\/et_pb_image][et_pb_button button_url=\u00a0\u00bbhttps:\/\/oss.ogustine.com\/marketplaces\/demande-a-lisa\/castings\/new?casting%5Bservice_category_id%5D=919&Prime; button_text=\u00a0\u00bbJe reserve\u00a0\u00bb button_alignment=\u00a0\u00bbcenter\u00a0\u00bb _builder_version=\u00a0\u00bb4.24.3&Prime; custom_button=\u00a0\u00bbon\u00a0\u00bb button_text_size=\u00a0\u00bb18px\u00a0\u00bb button_bg_color=\u00a0\u00bb#ee6a5b\u00a0\u00bb button_border_color=\u00a0\u00bbrgba(0,0,0,0)\u00a0\u00bb button_border_radius=\u00a0\u00bb50px\u00a0\u00bb button_font=\u00a0\u00bb|700|||||||\u00a0\u00bb button_icon=\u00a0\u00bb&#x24;||divi||400&Prime; background_layout=\u00a0\u00bbdark\u00a0\u00bb custom_padding=\u00a0\u00bb15px|40px|15px|40px|true|true\u00a0\u00bb hover_enabled=\u00a0\u00bb0&Prime; global_colors_info=\u00a0\u00bb{}\u00a0\u00bb sticky_enabled=\u00a0\u00bb0&Prime;][\/et_pb_button][\/et_pb_column][et_pb_column type=\u00a0\u00bb1_2&Prime; _builder_version=\u00a0\u00bb4.16&Prime; global_colors_info=\u00a0\u00bb{}\u00a0\u00bb][et_pb_text _builder_version=\u00a0\u00bb4.24.3&Prime; header_2_font=\u00a0\u00bbAmatic SC|700|||||||\u00a0\u00bb header_2_font_size=\u00a0\u00bb80px\u00a0\u00bb header_2_line_height=\u00a0\u00bb1.2em\u00a0\u00bb header_2_font_size_tablet=\u00a0\u00bb60px\u00a0\u00bb header_2_font_size_phone=\u00a0\u00bb32px\u00a0\u00bb header_2_font_size_last_edited=\u00a0\u00bbon|phone\u00a0\u00bb global_colors_info=\u00a0\u00bb{}\u00a0\u00bb]<h2>Ce que nous faisons<\/h2>[\/et_pb_text][et_pb_text _builder_version=\u00a0\u00bb4.24.3&Prime; header_2_font=\u00a0\u00bbAmatic SC|700|||||||\u00a0\u00bb header_2_font_size=\u00a0\u00bb80px\u00a0\u00bb header_2_line_height=\u00a0\u00bb1.2em\u00a0\u00bb header_2_font_size_tablet=\u00a0\u00bb60px\u00a0\u00bb header_2_font_size_phone=\u00a0\u00bb32px\u00a0\u00bb header_2_font_size_last_edited=\u00a0\u00bbon|phone\u00a0\u00bb global_colors_info=\u00a0\u00bb{}\u00a0\u00bb]<p>La garde d&rsquo;enfants de plus de trois ans \u00e0 domicile peut \u00eatre \u00e0 temps plein, en sortie d&rsquo;\u00e9cole ou lorsque l&rsquo;enfant est malade. Les trajets domicile \u00e9cole sont \u00e9galement compris dans la prestation.<\/p>\n<p>Elle recouvre plus pr\u00e9cis\u00e9ment :<\/p>\n<ul>\n<li>la garde d\u2019enfants au domicile de ses parents (ou de la personne investie de l\u2019autorit\u00e9 parentale) ou au domicile d\u2019un membre de sa famille (grands-parents, oncles&#8230;) chez qui il est temporairement en garde ou en vacances ;<\/li>\n<li>la garde d\u2019enfants de deux, voire trois familles alternativement au domicile de l\u2019une et de l\u2019autre,<\/li>\n<li>des activit\u00e9s telles l\u2019accompagnement des enfants lors de trajets entre le domicile, l\u2019\u00e9cole, etc. ;<\/li>\n<li>la garde \u00e0 domicile d\u2019enfants malades.<\/li>\n<\/ul>\n<p>Les gardes collectives d\u2019enfants, et les spectacles ou les animations organis\u00e9s lors d\u2019\u00e9v\u00e9nements familiaux (mariages, f\u00eates d\u2019anniversaire&#8230;) ne constituent pas une activit\u00e9 de services \u00e0 la personne.<\/p>\n<p>Dans le cadre d\u2019une prestation de garde d\u2019enfants \u00e0 domicile ou d\u2019un recours \u00e0 un assistant maternel agr\u00e9\u00e9, le compl\u00e9ment de libre choix du mode de garde de la prestation d\u2019accueil du jeune enfant (PAJE) peut \u00eatre sollicit\u00e9 aupr\u00e8s de la <a href=\"https:\/\/www.caf.fr\/\">caisse <\/a><a href=\"https:\/\/www.caf.fr\/\">d\u2019allocations familiales<\/a>, ou de la <a href=\"https:\/\/www.msa.fr\/lfp\">mutuelle sociale agricole (MSA)<\/a> selon votre situation.<\/p>[\/et_pb_text][\/et_pb_column][\/et_pb_row][\/et_pb_section][et_pb_section fb_built=\u00a0\u00bb1&Prime; admin_label=\u00a0\u00bbFooter\u00a0\u00bb _builder_version=\u00a0\u00bb4.16&Prime; use_background_color_gradient=\u00a0\u00bbon\u00a0\u00bb background_color_gradient_stops=\u00a0\u00bb#f6f3ea 0%|#f4f1e7 100%\u00a0\u00bb background_color_gradient_start=\u00a0\u00bb#f6f3ea\u00a0\u00bb background_color_gradient_end=\u00a0\u00bb#f4f1e7&Prime; custom_padding=\u00a0\u00bb||0px|||\u00a0\u00bb global_colors_info=\u00a0\u00bb{}\u00a0\u00bb][et_pb_row custom_padding_last_edited=\u00a0\u00bbon|desktop\u00a0\u00bb _builder_version=\u00a0\u00bb4.16&Prime; background_color=\u00a0\u00bb#efebdc\u00a0\u00bb width=\u00a0\u00bb90%\u00a0\u00bb width_tablet=\u00a0\u00bb95%\u00a0\u00bb width_phone=\u00a0\u00bb\u00a0\u00bb width_last_edited=\u00a0\u00bbon|desktop\u00a0\u00bb max_width=\u00a0\u00bbnone\u00a0\u00bb module_alignment=\u00a0\u00bbright\u00a0\u00bb overflow-x=\u00a0\u00bbvisible\u00a0\u00bb overflow-y=\u00a0\u00bbvisible\u00a0\u00bb custom_padding=\u00a0\u00bb60px|10vw|5vw|40px|false|false\u00a0\u00bb custom_padding_tablet=\u00a0\u00bb|40px|||false|false\u00a0\u00bb custom_padding_phone=\u00a0\u00bb\u00a0\u00bb border_radii=\u00a0\u00bb|200px|||\u00a0\u00bb border_radii_tablet=\u00a0\u00bb|0px|||\u00a0\u00bb border_radii_phone=\u00a0\u00bb\u00a0\u00bb border_radii_last_edited=\u00a0\u00bbon|tablet\u00a0\u00bb global_colors_info=\u00a0\u00bb{}\u00a0\u00bb][et_pb_column type=\u00a0\u00bb4_4&Prime; _builder_version=\u00a0\u00bb4.16&Prime; global_colors_info=\u00a0\u00bb{}\u00a0\u00bb][et_pb_text _builder_version=\u00a0\u00bb4.16&Prime; text_font=\u00a0\u00bb||||||||\u00a0\u00bb text_font_size=\u00a0\u00bb16px\u00a0\u00bb text_line_height=\u00a0\u00bb1.8em\u00a0\u00bb header_font=\u00a0\u00bb||||||||\u00a0\u00bb header_2_font=\u00a0\u00bbAmatic SC|700|||||||\u00a0\u00bb header_2_font_size=\u00a0\u00bb80px\u00a0\u00bb header_2_line_height=\u00a0\u00bb1.2em\u00a0\u00bb text_orientation=\u00a0\u00bbcenter\u00a0\u00bb max_width=\u00a0\u00bb700px\u00a0\u00bb module_alignment=\u00a0\u00bbcenter\u00a0\u00bb header_2_font_size_tablet=\u00a0\u00bb60px\u00a0\u00bb header_2_font_size_phone=\u00a0\u00bb32px\u00a0\u00bb header_2_font_size_last_edited=\u00a0\u00bbon|phone\u00a0\u00bb global_colors_info=\u00a0\u00bb{}\u00a0\u00bb]<h2>Demande \u00e0 Lisa<\/h2>\n<p>L\u2019avantage fiscal prend la forme d\u2019un cr\u00e9dit d\u2019imp\u00f4t sur le revenu \u00e9gal \u00e0 50 % des d\u00e9penses engag\u00e9es pour des prestations de services \u00e0 la personne, dans la limite de 12 000 \u20ac par an (loi de finances 2017). L&rsquo;avance imm\u00e9diate du cr\u00e9dit d&rsquo;imp\u00f4t est \u00e9galement disponible.<\/p>[\/et_pb_text][et_pb_button button_url=\u00a0\u00bbhttps:\/\/oss.ogustine.com\/marketplaces\/demande-a-lisa\/castings\/new?casting%5Bservice_category_id%5D=919&Prime; button_text=\u00a0\u00bbJe reserve\u00a0\u00bb button_alignment=\u00a0\u00bbcenter\u00a0\u00bb _builder_version=\u00a0\u00bb4.24.3&Prime; custom_button=\u00a0\u00bbon\u00a0\u00bb button_text_size=\u00a0\u00bb18px\u00a0\u00bb button_bg_color=\u00a0\u00bb#ee6a5b\u00a0\u00bb button_border_color=\u00a0\u00bbrgba(0,0,0,0)\u00a0\u00bb button_border_radius=\u00a0\u00bb50px\u00a0\u00bb button_font=\u00a0\u00bb|700|||||||\u00a0\u00bb button_icon=\u00a0\u00bb&#x24;||divi||400&Prime; background_layout=\u00a0\u00bbdark\u00a0\u00bb custom_padding=\u00a0\u00bb15px|40px|15px|40px|true|true\u00a0\u00bb hover_enabled=\u00a0\u00bb0&Prime; global_colors_info=\u00a0\u00bb{}\u00a0\u00bb sticky_enabled=\u00a0\u00bb0&Prime;][\/et_pb_button][\/et_pb_column][\/et_pb_row][\/et_pb_section]\n","protected":false},"excerpt":{"rendered":"<p>GARDE D\u2019ENFANT +3ans\u00e0 ton service ! Quand tu ne peux pas garder les enfants, demande \u00e0 Lisa.\u00a0Que tu sois un homme, une femme, c\u00e9libataire, divorc\u00e9 (e) ou en couple, Lisa est l\u00e0 pour t\u2019aider.Ce que nous faisonsLa garde d&rsquo;enfants de plus de trois ans \u00e0 domicile peut \u00eatre \u00e0 temps plein, en sortie d&rsquo;\u00e9cole ou [&hellip;]<\/p>\n","protected":false},"author":1,"featured_media":0,"parent":0,"menu_order":0,"comment_status":"closed","ping_status":"closed","template":"","meta":{"_et_pb_use_builder":"on","_et_pb_old_content":"","_et_gb_content_width":"","footnotes":""},"class_list":["post-141","page","type-page","status-publish","hentry"],"yoast_head":"<!-- This site is optimized with the Yoast SEO plugin v27.5 - https:\/\/yoast.com\/product\/yoast-seo-wordpress\/ -->\n<title>Garde d&#039;enfant - Demande \u00e0 Lisa<\/title>\n<meta name=\"description\" content=\"Besoin d&#039;une baby sitter occasionnelle, de faire garder vos enfants chaque semaine. Faites appel \u00e0 Lisa pour prendre soin de vos enfants\" \/>\n<meta name=\"robots\" content=\"index, follow, max-snippet:-1, max-image-preview:large, max-video-preview:-1\" \/>\n<link rel=\"canonical\" href=\"https:\/\/demandealisa.com\/?page_id=141\" \/>\n<meta property=\"og:locale\" content=\"fr_FR\" \/>\n<meta property=\"og:type\" content=\"article\" \/>\n<meta property=\"og:title\" content=\"Garde d&#039;enfant - Demande \u00e0 Lisa\" \/>\n<meta property=\"og:description\" content=\"Besoin d&#039;une baby sitter occasionnelle, de faire garder vos enfants chaque semaine. Faites appel \u00e0 Lisa pour prendre soin de vos enfants\" \/>\n<meta property=\"og:url\" content=\"https:\/\/demandealisa.com\/?page_id=141\" \/>\n<meta property=\"og:site_name\" content=\"Demande \u00e0 Lisa\" \/>\n<meta property=\"article:modified_time\" content=\"2024-05-08T13:44:13+00:00\" \/>\n<meta name=\"twitter:card\" content=\"summary_large_image\" \/>\n<meta name=\"twitter:label1\" content=\"Dur\u00e9e de lecture estim\u00e9e\" \/>\n\t<meta name=\"twitter:data1\" content=\"3 minutes\" \/>\n<script type=\"application\/ld+json\" class=\"yoast-schema-graph\">{\"@context\":\"https:\\\/\\\/schema.org\",\"@graph\":[{\"@type\":\"WebPage\",\"@id\":\"https:\\\/\\\/demandealisa.com\\\/?page_id=141\",\"url\":\"https:\\\/\\\/demandealisa.com\\\/?page_id=141\",\"name\":\"Garde d'enfant - Demande \u00e0 Lisa\",\"isPartOf\":{\"@id\":\"https:\\\/\\\/demandealisa.com\\\/#website\"},\"datePublished\":\"2024-05-06T15:56:04+00:00\",\"dateModified\":\"2024-05-08T13:44:13+00:00\",\"description\":\"Besoin d'une baby sitter occasionnelle, de faire garder vos enfants chaque semaine. Faites appel \u00e0 Lisa pour prendre soin de vos enfants\",\"breadcrumb\":{\"@id\":\"https:\\\/\\\/demandealisa.com\\\/?page_id=141#breadcrumb\"},\"inLanguage\":\"fr-FR\",\"potentialAction\":[{\"@type\":\"ReadAction\",\"target\":[\"https:\\\/\\\/demandealisa.com\\\/?page_id=141\"]}]},{\"@type\":\"BreadcrumbList\",\"@id\":\"https:\\\/\\\/demandealisa.com\\\/?page_id=141#breadcrumb\",\"itemListElement\":[{\"@type\":\"ListItem\",\"position\":1,\"name\":\"Accueil\",\"item\":\"https:\\\/\\\/demandealisa.com\\\/\"},{\"@type\":\"ListItem\",\"position\":2,\"name\":\"Garde d&#8217;enfant\"}]},{\"@type\":\"WebSite\",\"@id\":\"https:\\\/\\\/demandealisa.com\\\/#website\",\"url\":\"https:\\\/\\\/demandealisa.com\\\/\",\"name\":\"Demande \u00e0 Lisa\",\"description\":\"Lisa est ta nouvelle meilleure amie\",\"potentialAction\":[{\"@type\":\"SearchAction\",\"target\":{\"@type\":\"EntryPoint\",\"urlTemplate\":\"https:\\\/\\\/demandealisa.com\\\/?s={search_term_string}\"},\"query-input\":{\"@type\":\"PropertyValueSpecification\",\"valueRequired\":true,\"valueName\":\"search_term_string\"}}],\"inLanguage\":\"fr-FR\"}]}<\/script>\n<!-- \/ Yoast SEO plugin. -->","yoast_head_json":{"title":"Garde d'enfant - Demande \u00e0 Lisa","description":"Besoin d'une baby sitter occasionnelle, de faire garder vos enfants chaque semaine. Faites appel \u00e0 Lisa pour prendre soin de vos enfants","robots":{"index":"index","follow":"follow","max-snippet":"max-snippet:-1","max-image-preview":"max-image-preview:large","max-video-preview":"max-video-preview:-1"},"canonical":"https:\/\/demandealisa.com\/?page_id=141","og_locale":"fr_FR","og_type":"article","og_title":"Garde d'enfant - Demande \u00e0 Lisa","og_description":"Besoin d'une baby sitter occasionnelle, de faire garder vos enfants chaque semaine. Faites appel \u00e0 Lisa pour prendre soin de vos enfants","og_url":"https:\/\/demandealisa.com\/?page_id=141","og_site_name":"Demande \u00e0 Lisa","article_modified_time":"2024-05-08T13:44:13+00:00","twitter_card":"summary_large_image","twitter_misc":{"Dur\u00e9e de lecture estim\u00e9e":"3 minutes"},"schema":{"@context":"https:\/\/schema.org","@graph":[{"@type":"WebPage","@id":"https:\/\/demandealisa.com\/?page_id=141","url":"https:\/\/demandealisa.com\/?page_id=141","name":"Garde d'enfant - Demande \u00e0 Lisa","isPartOf":{"@id":"https:\/\/demandealisa.com\/#website"},"datePublished":"2024-05-06T15:56:04+00:00","dateModified":"2024-05-08T13:44:13+00:00","description":"Besoin d'une baby sitter occasionnelle, de faire garder vos enfants chaque semaine. Faites appel \u00e0 Lisa pour prendre soin de vos enfants","breadcrumb":{"@id":"https:\/\/demandealisa.com\/?page_id=141#breadcrumb"},"inLanguage":"fr-FR","potentialAction":[{"@type":"ReadAction","target":["https:\/\/demandealisa.com\/?page_id=141"]}]},{"@type":"BreadcrumbList","@id":"https:\/\/demandealisa.com\/?page_id=141#breadcrumb","itemListElement":[{"@type":"ListItem","position":1,"name":"Accueil","item":"https:\/\/demandealisa.com\/"},{"@type":"ListItem","position":2,"name":"Garde d&#8217;enfant"}]},{"@type":"WebSite","@id":"https:\/\/demandealisa.com\/#website","url":"https:\/\/demandealisa.com\/","name":"Demande \u00e0 Lisa","description":"Lisa est ta nouvelle meilleure amie","potentialAction":[{"@type":"SearchAction","target":{"@type":"EntryPoint","urlTemplate":"https:\/\/demandealisa.com\/?s={search_term_string}"},"query-input":{"@type":"PropertyValueSpecification","valueRequired":true,"valueName":"search_term_string"}}],"inLanguage":"fr-FR"}]}},"_links":{"self":[{"href":"https:\/\/demandealisa.com\/index.php?rest_route=\/wp\/v2\/pages\/141","targetHints":{"allow":["GET"]}}],"collection":[{"href":"https:\/\/demandealisa.com\/index.php?rest_route=\/wp\/v2\/pages"}],"about":[{"href":"https:\/\/demandealisa.com\/index.php?rest_route=\/wp\/v2\/types\/page"}],"author":[{"embeddable":true,"href":"https:\/\/demandealisa.com\/index.php?rest_route=\/wp\/v2\/users\/1"}],"replies":[{"embeddable":true,"href":"https:\/\/demandealisa.com\/index.php?rest_route=%2Fwp%2Fv2%2Fcomments&post=141"}],"version-history":[{"count":6,"href":"https:\/\/demandealisa.com\/index.php?rest_route=\/wp\/v2\/pages\/141\/revisions"}],"predecessor-version":[{"id":197,"href":"https:\/\/demandealisa.com\/index.php?rest_route=\/wp\/v2\/pages\/141\/revisions\/197"}],"wp:attachment":[{"href":"https:\/\/demandealisa.com\/index.php?rest_route=%2Fwp%2Fv2%2Fmedia&parent=141"}],"curies":[{"name":"wp","href":"https:\/\/api.w.org\/{rel}","templated":true}]}}